{"id":4119,"date":"2020-11-17T17:17:58","date_gmt":"2020-11-17T17:17:58","guid":{"rendered":"http:\/\/the8thstate.com\/tr\/?page_id=4119"},"modified":"2022-08-10T14:45:33","modified_gmt":"2022-08-10T14:45:33","slug":"aydinlatma-metni","status":"publish","type":"page","link":"https:\/\/www.the8thstate.com\/en\/aydinlatma-metni\/","title":{"rendered":"Ayd\u0131nlatma metni"},"content":{"rendered":"<p>[vc_row][vc_column][vc_column_text]<b>29248894264 Vergi Kimlik Numaral\u0131 Metin Hac\u0131zade<\/b>\u00a0(\u201c<b>the8thstate\/\u015eirket<\/b>\u201d) olarak, i\u015fbu Ayd\u0131nlatma Metni ile, Ki\u015fisel Verilerin Korunmas\u0131 Kanunu (\u201c<b>Kanun<\/b>\u201d) kapsam\u0131nda ayd\u0131nlatma y\u00fck\u00fcml\u00fc\u011f\u00fcm\u00fcz\u00fcn yerine getirilmesi ama\u00e7lanmaktad\u0131r. Bu kapsamda sizlere bilgi vermekle y\u00fck\u00fcml\u00fc oldu\u011fumuz konular a\u015fa\u011f\u0131daki yer almaktad\u0131r:<\/p>\n<ol>\n<li><b>Veri sorumlusunun kimli\u011fi<\/b><\/li>\n<\/ol>\n<p>Veri sorumlusu; Katip Mustafa \u00c7elebi mah S\u0131raselviler cad No: 6\/I Beyo\u011flu\/\u0130stanbul adresinde mukim, 29248894264 Vergi Kimlik Numaral\u0131<b>\u00a0Metin Hac\u0131zade\u2019<\/b>dir.<\/p>\n<ol start=\"2\">\n<li><b>Ki\u015fisel verilerin hangi ama\u00e7la i\u015flenece\u011fi<\/b><\/li>\n<\/ol>\n<p><a href=\"http:\/\/www.the8thstate.com\">www.the8thstate.com<\/a>\u00a0(\u201c<b>\u0130nternet<\/b>\u00a0<b>Sitesi<\/b>\u201d) \u00fczerinden \u00fcr\u00fcn sat\u0131n almak amac\u0131 ile \u015eirket\u2019imize sa\u011flad\u0131\u011f\u0131n\u0131z elektronik posta adresi, ad-soyad, adres bilgisi, kredi kart\u0131 bilgileri ve cep telefonu\u00a0kategorilerindeki\u00a0ki\u015fisel verileriniz; sat\u0131n ald\u0131\u011f\u0131n\u0131z \u00fcr\u00fcn\u00fcn size \u015eirket taraf\u0131ndan teslim edilmesi, \u015eirket ile aran\u0131zda kurulan sat\u0131\u015f s\u00f6zle\u015fmesinin gerekliliklerinin yerine getirilmesi, gerekli olmas\u0131 halinde sipari\u015finize ili\u015fkin olarak taraf\u0131n\u0131z ile ileti\u015fime ge\u00e7ilmesi, \u0130nternet Sitesi\u2019ne \u00fcye olman\u0131z halinde \u00fcyelik i\u015fleminizin tamamlanmas\u0131, onay vermeniz halinde taraf\u0131n\u0131za ticari elektronik ileti g\u00f6nderilmesi, onaylam\u0131\u015f oldu\u011funuz \u00fcyelik s\u00f6zle\u015fmesinin h\u00fck\u00fcm ve ko\u015fullar\u0131n\u0131n yerine getirilmesi \u00a0ve mevzuattan kaynaklanan zamana\u015f\u0131m\u0131 s\u00fcresi do\u011frultusunda saklanmas\u0131\u00a0amac\u0131 ile\u00a0i\u015flenmektedir.<\/p>\n<ol start=\"3\">\n<li><b>\u015eirket taraf\u0131ndan i\u015flenen ki\u015fisel verilerin kimlere ve hangi ama\u00e7la aktar\u0131labilece\u011fi<\/b><\/li>\n<\/ol>\n<p>Ki\u015fisel verileriniz herhangi bir 3. ki\u015fiye aktar\u0131lmamaktad\u0131r.<\/p>\n<ol start=\"4\">\n<li><b>Ki\u015fisel veri toplaman\u0131n y\u00f6ntemi ve hukuki sebebi<\/b><\/li>\n<\/ol>\n<p>Ki\u015fisel verileriniz, sat\u0131n alma i\u015fleminiz kapsam\u0131nda \u0130nternet Sitesi\u2019nde yer alan form arac\u0131l\u0131\u011f\u0131yla elde edilmekte ve \u201cbir s\u00f6zle\u015fmenin kurulmas\u0131 veya ifas\u0131yla do\u011frudan do\u011fruya ilgili olmas\u0131 kayd\u0131yla, s\u00f6zle\u015fmenin taraflar\u0131na ait ki\u015fisel verilerin i\u015flenmesinin gerekli olmas\u0131\u201d hukuki sebebi ile toplanmaktad\u0131r.<\/p>\n<ol start=\"5\">\n<li><b>Ki\u015fisel verileriniz ile ilgili Kanun kapsam\u0131ndaki haklar\u0131n\u0131z a\u015fa\u011f\u0131daki \u015fekildedir:<\/b><\/li>\n<\/ol>\n<p>(a) Ki\u015fisel verilerinizin i\u015flenip i\u015flenmedi\u011fini \u00f6\u011frenme, (b) Ki\u015fisel verileriniz i\u015flenmi\u015fse buna ili\u015fkin bilgi talep etme, (c) Ki\u015fisel verilerinizin i\u015flenme amac\u0131n\u0131 ve bunlar\u0131n amac\u0131na uygun kullan\u0131l\u0131p kullan\u0131lmad\u0131\u011f\u0131n\u0131 \u00f6\u011frenme, (\u00e7) Yurt i\u00e7inde veya yurt d\u0131\u015f\u0131nda ki\u015fisel verilerin aktar\u0131ld\u0131\u011f\u0131 \u00fc\u00e7\u00fcnc\u00fc ki\u015fileri bilme,\u00a0 (d) Ki\u015fisel verilerinizin eksik veya yanl\u0131\u015f i\u015flenmi\u015f olmas\u0131 h\u00e2linde bunlar\u0131n d\u00fczeltilmesini isteme, (e) Ki\u015fisel verilerinizin i\u015flenmesini gerektiren sebeplerin ortadan kalkmas\u0131 halinde ki\u015fisel verilerinizin silinmesini veya yok edilmesini isteme, (f) (d) ve (e) bentleri uyar\u0131nca yap\u0131lan i\u015flemlerin, ki\u015fisel verilerin aktar\u0131ld\u0131\u011f\u0131 \u00fc\u00e7\u00fcnc\u00fc ki\u015filere bildirilmesini isteme, (g) \u0130\u015flenen verilerin m\u00fcnhas\u0131ran otomatik sistemler vas\u0131tas\u0131yla analiz edilmesi suretiyle ki\u015finin kendisi aleyhine bir sonucun ortaya \u00e7\u0131kmas\u0131na itiraz etme, (\u011f) Ki\u015fisel verilerin kanuna ayk\u0131r\u0131 olarak i\u015flenmesi sebebiyle zarara u\u011framas\u0131 h\u00e2linde zarar\u0131n giderilmesini talep etme.<\/p>\n<p>Bu haklar\u0131n\u0131z\u0131 yaz\u0131l\u0131 olarak ya da \u015eirket\u2019e daha \u00f6nce bildirilen ve \u015eirket\u2019in sisteminde kay\u0131tl\u0131 bulunan elektronik posta adresinizi kullanmak suretiyle (Bu kapsamda report@the8thstate.com e-posta adresi \u00fczerinden \u015eirket\u2019e ula\u015fabilirsiniz) veya ba\u015fvuru amac\u0131na y\u00f6nelik geli\u015ftirilmi\u015f bir yaz\u0131l\u0131m ya da uygulama vas\u0131tas\u0131yla\u00a0\u015eirket\u2019e iletebilirsiniz.<\/p>\n<p>Bilginize sunar\u0131z.<\/p>\n<p><b>the8thstate<\/b>[\/vc_column_text][\/vc_column][\/vc_row]<\/p>\n","protected":false},"excerpt":{"rendered":"<p>[vc_row][vc_column][vc_column_text]29248894264 Vergi Kimlik Numaral\u0131 Metin Hac\u0131zade\u00a0(\u201cthe8thstate\/\u015eirket\u201d) olarak, i\u015fbu Ayd\u0131nlatma Metni ile, Ki\u015fisel Verilerin Korunmas\u0131 Kanunu (\u201cKanun\u201d) kapsam\u0131nda ayd\u0131nlatma y\u00fck\u00fcml\u00fc\u011f\u00fcm\u00fcz\u00fcn yerine getirilmesi ama\u00e7lanmaktad\u0131r. Bu kapsamda sizlere bilgi vermekle y\u00fck\u00fcml\u00fc oldu\u011fumuz konular a\u015fa\u011f\u0131daki yer almaktad\u0131r: Veri sorumlusunun kimli\u011fi Veri sorumlusu; Katip Mustafa [&hellip;]<\/p>\n","protected":false},"author":1,"featured_media":0,"parent":0,"menu_order":0,"comment_status":"closed","ping_status":"closed","template":"","meta":[],"_links":{"self":[{"href":"https:\/\/www.the8thstate.com\/en\/wp-json\/wp\/v2\/pages\/4119"}],"collection":[{"href":"https:\/\/www.the8thstate.com\/en\/wp-json\/wp\/v2\/pages"}],"about":[{"href":"https:\/\/www.the8thstate.com\/en\/wp-json\/wp\/v2\/types\/page"}],"author":[{"embeddable":true,"href":"https:\/\/www.the8thstate.com\/en\/wp-json\/wp\/v2\/users\/1"}],"replies":[{"embeddable":true,"href":"https:\/\/www.the8thstate.com\/en\/wp-json\/wp\/v2\/comments?post=4119"}],"version-history":[{"count":3,"href":"https:\/\/www.the8thstate.com\/en\/wp-json\/wp\/v2\/pages\/4119\/revisions"}],"predecessor-version":[{"id":4928,"href":"https:\/\/www.the8thstate.com\/en\/wp-json\/wp\/v2\/pages\/4119\/revisions\/4928"}],"wp:attachment":[{"href":"https:\/\/www.the8thstate.com\/en\/wp-json\/wp\/v2\/media?parent=4119"}],"curies":[{"name":"wp","href":"https:\/\/api.w.org\/{rel}","templated":true}]}}