{"id":4127,"date":"2020-11-17T17:20:31","date_gmt":"2020-11-17T17:20:31","guid":{"rendered":"http:\/\/the8thstate.com\/tr\/?page_id=4127"},"modified":"2022-08-10T14:48:03","modified_gmt":"2022-08-10T14:48:03","slug":"cerez-ve-gizlilik-politikasi","status":"publish","type":"page","link":"https:\/\/www.the8thstate.com\/en\/cerez-ve-gizlilik-politikasi\/","title":{"rendered":"\u00c7erez ve gizlilik"},"content":{"rendered":"<p>[vc_row][vc_column][vc_column_text]<b>\u00c7EREZ VE G\u0130ZL\u0130L\u0130K POL\u0130T\u0130KASI<\/b><\/p>\n<ol>\n<li>\u0130\u015fbu \u00c7erez ve Gizlilik Politikas\u0131,\u00a0www.the8thstate.com\u00a0alan adl\u0131 internet sitesi (\u201c<b>Web<\/b>\u00a0<b>Sitesi<\/b>\u201d) arac\u0131l\u0131\u011f\u0131yla<b>,\u00a0Metin Hac\u0131zade.<\/b>\u2019ye (\u201c<b>\u015eirket<\/b>\u201d) ait \u00fcr\u00fcn ve\/veya hizmetleri kullanan t\u00fcm ki\u015filer (\u201c<b>Kullan\u0131c\u0131<\/b>\u201d) i\u00e7in ge\u00e7erlidir.<\/li>\n<\/ol>\n<p>&nbsp;<\/p>\n<ol start=\"2\">\n<li>\u0130\u015fbu \u00c7erez ve Gizlilik Politikas\u0131, \u015eirket taraf\u0131ndan Kullan\u0131c\u0131lar\u0131n\u0131n gizlilik ve ki\u015fisel verilerinin korunmas\u0131 haklar\u0131n\u0131 g\u00f6zeterek Web\u00a0Sitesi\u2019nde \u00e7erez kullan\u0131m\u0131n\u0131n kapsam\u0131 ve ama\u00e7lar\u0131 hakk\u0131nda detayl\u0131 bilgi sunmak ve Ki\u015fisel Verilerin Korunmas\u0131 Kanunu (\u201c<b>Kanun<\/b>\u201d) kapsam\u0131nda \u00e7erez kullan\u0131m\u0131na ili\u015fkin olarak ayd\u0131nlatma y\u00fck\u00fcml\u00fc\u011f\u00fcm\u00fcz\u00fcn yerine getirilmesi amac\u0131yla haz\u0131rlam\u0131\u015ft\u0131r. Web Sitesi\u2019nde bulunan \u00e7erez bilgilendirme uyar\u0131s\u0131nda bulunan onaylama se\u00e7ene\u011fine t\u0131klanmas\u0131 halinde \u00c7erez kullan\u0131m\u0131na r\u0131za verdi\u011finiz kabul edilmektedir. Onaylamaman\u0131z halinde, yaln\u0131zca kullan\u0131lmas\u0131 zorunlu olan \u00e7erezler kullan\u0131l\u0131yor olacakt\u0131r.<\/li>\n<\/ol>\n<p>&nbsp;<\/p>\n<ol start=\"3\">\n<li>\u00c7erezler taray\u0131c\u0131n\u0131z \u00fczerinden \u00e7evrimi\u00e7i bir hizmete eri\u015fti\u011finiz zaman elektronik cihazlar\u0131n\u0131za g\u00f6nderilen ve cihaz\u0131n\u0131z\u0131n internet sitesine veya uygulamaya eri\u015fti\u011fini hat\u0131rlayan k\u00fc\u00e7\u00fck tan\u0131mlama ve veri depolama dosyalar\u0131d\u0131r. \u00c7erezler, bu dosyalar\u0131 tekrar kaynak web sitesine veya \u00e7erezleri tan\u0131yan bir ba\u015fka web sitesine g\u00f6nderebilir. Bu dosyalarda, Web Sitesi\u2019nin baz\u0131 temel \u00f6zelliklerinden faydalanman\u0131z\u0131, Web Sitesi\u2019ni tekrar kulland\u0131\u011f\u0131n\u0131zda verilerinizin hat\u0131rlanmas\u0131n\u0131 ve Web Sitesi\u2019ni daha etkin ve kolay kullanabilmenizi sa\u011flamak i\u00e7in Web Sitesi gezintinize ait bilgiler saklanmaktad\u0131r.<\/li>\n<\/ol>\n<p>&nbsp;<\/p>\n<ol start=\"4\">\n<li>Web Sitemizde \u00e7erez kullan\u0131m\u0131n\u0131n temel ama\u00e7lar\u0131; sizlere kullan\u0131c\u0131 dostu bir deneyim sunmak, Web Sitesi\u2019nin geli\u015ftirilmesini sa\u011flamak, \u015eirket\u2019in hizmetlerini ve \u00fcr\u00fcnlerini iyile\u015ftirmesini sa\u011flamak, Web Sitesi\u2019nin kullan\u0131m\u0131n\u0131 kolayla\u015ft\u0131rmak ve \u015eirket\u2019in hizmetlerini ve Web Sitesi\u2019nin kullan\u0131m\u0131n\u0131 Kullan\u0131c\u0131lar\u0131n ilgi alanlar\u0131na ve tercihlerine y\u00f6nelik olarak de\u011fi\u015ftirmektir.<\/li>\n<\/ol>\n<p>&nbsp;<\/p>\n<ol start=\"5\">\n<li>\u00c7erezler, Web Sitesi\u2019ne eri\u015fim yapt\u0131\u011f\u0131n\u0131z elektronik cihazda siteye eri\u015fmek i\u00e7in kulland\u0131\u011f\u0131n\u0131z internet servis sa\u011flay\u0131c\u0131s\u0131n\u0131n ad\u0131 ve Internet Protokol (IP) adresi, Web Sitesi\u2019ne eri\u015fti\u011finiz tarih ve saat, Web Sitesi\u2019nde bulunulan s\u0131rada eri\u015filen sayfalar ve siteye do\u011frudan ba\u011flan\u0131lmas\u0131n\u0131 sa\u011flayan web sitesinin internet adresi dahil olmak \u00fczere kullan\u0131m tercihlerinize ve Web Sitesi\u2019nde yapt\u0131\u011f\u0131n\u0131z gezintiye ili\u015fkin veriler toplamaktad\u0131r. Bu veriler burada belirtilen ama\u00e7lar do\u011frultusunda yurti\u00e7inde mukim i\u015f ortaklar\u0131m\u0131za aktar\u0131labilecektir.<\/li>\n<\/ol>\n<p>&nbsp;<\/p>\n<ol start=\"6\">\n<li>Kullan\u0131m amac\u0131na ve kullan\u0131ld\u0131\u011f\u0131 s\u00fcreye g\u00f6re farkl\u0131 t\u00fcrde \u00e7erezler bulunmaktad\u0131r. \u015eirketimiz, Kullan\u0131lmas\u0131 Zorunlu Olan \u00c7erezler, Otantikasyon \u00c7erezleri, Flash \u00c7erezleri (Flash Cookies), \u0130\u015flev \u00c7erezleri, Analiz\/Performans \u00c7erezleri ve Hedefleme\/Reklam\/Pazarlama \u00c7erezleri tip \u00e7erezleri kullanmaktad\u0131r.<\/li>\n<\/ol>\n<p>&nbsp;<\/p>\n<ol start=\"7\">\n<li>Zorunlu \u00e7erezler ve Analiz\/Performans \u00e7erezleri devre d\u0131\u015f\u0131 b\u0131rak\u0131lamayacakt\u0131r ancak di\u011fer t\u00fcrdeki \u00e7erezlerin bilgisayar\u0131n\u0131zda saklanmas\u0131n\u0131 istemiyorsan\u0131z taray\u0131c\u0131n\u0131z\u0131n ayarlar k\u0131sm\u0131ndan \u00e7erez kullan\u0131m tercihlerinizi de\u011fi\u015ftirebilirsiniz veya \u00c7erez uyar\u0131 ekran\u0131m\u0131zdaki onaylama se\u00e7ene\u011fini t\u0131klamaks\u0131z\u0131n ilerleyebilirsiniz. \u00c7erez y\u00f6netim ayarlar\u0131 taray\u0131c\u0131dan taray\u0131c\u0131ya farkl\u0131l\u0131k g\u00f6stermekte ve modern taray\u0131c\u0131lar\u0131n yard\u0131m men\u00fcleri alt\u0131nda \u00e7erezlere ili\u015fkin detayl\u0131 bilgiler yer almaktad\u0131r.<\/li>\n<\/ol>\n<p>&nbsp;<\/p>\n<ol start=\"8\">\n<li>\u015eirket, i\u015fbu \u00c7erez Politikas\u0131 h\u00fck\u00fcmlerini diledi\u011fi zaman g\u00fcncelleyebilir, de\u011fi\u015ftirebilir veya y\u00fcr\u00fcrl\u00fckten kald\u0131rabilir. G\u00fcncellenen, de\u011fi\u015ftirilen ya da y\u00fcr\u00fcrl\u00fckten kald\u0131r\u0131lan her h\u00fck\u00fcm, yay\u0131n tarihinde Kullan\u0131c\u0131 i\u00e7in h\u00fck\u00fcm ifade edecektir. Yap\u0131lan de\u011fi\u015fikli\u011fin ard\u0131ndan Kullan\u0131c\u0131\u2019n\u0131n \u015eirket\u2019in hizmet veya \u00fcr\u00fcnlerini kullanmaya devam ediyor olmas\u0131, de\u011fi\u015fikliklere muvafakati anlam\u0131na gelecektir.<\/li>\n<li><b>Veri sorumlusunun kimli\u011fi:\u00a0<\/b>Veri sorumlusu; 29248894264\u00a0Beyo\u011flu\/\u0130stanbul adresinde mukim, 29233894774 Vergi Kimlik Numaral\u0131<b> Metin Hac\u0131zade\u2019<\/b>dir.<\/li>\n<li><b>Ki\u015fisel verilerin hangi ama\u00e7la i\u015flenece\u011fi:\u00a0<\/b>Yukar\u0131da 5. maddede say\u0131lan kategorilerdeki ki\u015fisel verileriniz; 4. maddede say\u0131lan\u00a0ile\u00a0i\u015flenmektedir.<\/li>\n<li><b>\u015eirket taraf\u0131ndan i\u015flenen ki\u015fisel verilerin kimlere ve hangi ama\u00e7la aktar\u0131labilece\u011fi:\u00a0<\/b>Ki\u015fisel verileriniz herhangi bir 3. Ki\u015fiye aktar\u0131lmamaktad\u0131r.<\/li>\n<li><b>Ki\u015fisel veri toplaman\u0131n y\u00f6ntemi ve hukuki sebebi:\u00a0<\/b>\u00c7erezler arac\u0131l\u0131\u011f\u0131 ile elde edilen Ki\u015fisel verileriniz, \u201ca\u00e7\u0131k r\u0131zan\u0131z\u201d hukuki sebebi ile toplanmaktad\u0131r.<\/li>\n<li><b>Ki\u015fisel verileriniz ile ilgili Kanun kapsam\u0131ndaki haklar\u0131n\u0131z a\u015fa\u011f\u0131daki \u015fekildedir: \u00c7erezler arac\u0131l\u0131\u011f\u0131yla elde edilen\u00a0<\/b>(a) Ki\u015fisel verilerinizin i\u015flenip i\u015flenmedi\u011fini \u00f6\u011frenme, (b) Ki\u015fisel verileriniz i\u015flenmi\u015fse buna ili\u015fkin bilgi talep etme, (c) Ki\u015fisel verilerinizin i\u015flenme amac\u0131n\u0131 ve bunlar\u0131n amac\u0131na uygun kullan\u0131l\u0131p kullan\u0131lmad\u0131\u011f\u0131n\u0131 \u00f6\u011frenme, (\u00e7) Yurt i\u00e7inde veya yurt d\u0131\u015f\u0131nda ki\u015fisel verilerin aktar\u0131ld\u0131\u011f\u0131 \u00fc\u00e7\u00fcnc\u00fc ki\u015fileri bilme, (d) Ki\u015fisel verilerinizin eksik veya yanl\u0131\u015f i\u015flenmi\u015f olmas\u0131 h\u00e2linde bunlar\u0131n d\u00fczeltilmesini isteme, (e) Ki\u015fisel verilerinizin i\u015flenmesini gerektiren sebeplerin ortadan kalkmas\u0131 halinde ki\u015fisel verilerinizin silinmesini veya yok edilmesini isteme, (f) (d) ve (e) bentleri uyar\u0131nca yap\u0131lan i\u015flemlerin, ki\u015fisel verilerin aktar\u0131ld\u0131\u011f\u0131 \u00fc\u00e7\u00fcnc\u00fc ki\u015filere bildirilmesini isteme, (g) \u0130\u015flenen verilerin m\u00fcnhas\u0131ran otomatik sistemler vas\u0131tas\u0131yla analiz edilmesi suretiyle ki\u015finin kendisi aleyhine bir sonucun ortaya \u00e7\u0131kmas\u0131na itiraz etme, (\u011f) Ki\u015fisel verilerin kanuna ayk\u0131r\u0131 olarak i\u015flenmesi sebebiyle zarara u\u011framas\u0131 h\u00e2linde zarar\u0131n giderilmesini talep etme.<\/li>\n<\/ol>\n<p>Bu haklar\u0131n\u0131z\u0131 yaz\u0131l\u0131 olarak veya \u015eirket\u2019e daha \u00f6nce bildirilen ve \u015eirket\u2019in sisteminde kay\u0131tl\u0131 bulunan elektronik posta adresinizi kullanmak suretiyle (Bu kapsamda report@the8thstate.com e-posta adresi \u00fczerinden \u015eirket\u2019e ula\u015fabilirsiniz) veya ba\u015fvuru amac\u0131na y\u00f6nelik geli\u015ftirilmi\u015f bir yaz\u0131l\u0131m ya da uygulama vas\u0131tas\u0131yla\u00a0\u015eirket\u2019e iletebilirsiniz.<\/p>\n<p>Bilginize sunar\u0131z.<br \/>\n<b>the8thstate<\/b>[\/vc_column_text][\/vc_column][\/vc_row]<\/p>\n","protected":false},"excerpt":{"rendered":"<p>[vc_row][vc_column][vc_column_text]\u00c7EREZ VE G\u0130ZL\u0130L\u0130K POL\u0130T\u0130KASI \u0130\u015fbu \u00c7erez ve Gizlilik Politikas\u0131,\u00a0www.the8thstate.com\u00a0alan adl\u0131 internet sitesi (\u201cWeb\u00a0Sitesi\u201d) arac\u0131l\u0131\u011f\u0131yla,\u00a0Metin Hac\u0131zade.\u2019ye (\u201c\u015eirket\u201d) ait \u00fcr\u00fcn ve\/veya hizmetleri kullanan t\u00fcm ki\u015filer (\u201cKullan\u0131c\u0131\u201d) i\u00e7in ge\u00e7erlidir. &nbsp; \u0130\u015fbu \u00c7erez ve Gizlilik Politikas\u0131, \u015eirket taraf\u0131ndan Kullan\u0131c\u0131lar\u0131n\u0131n gizlilik ve ki\u015fisel verilerinin korunmas\u0131 [&hellip;]<\/p>\n","protected":false},"author":1,"featured_media":0,"parent":0,"menu_order":0,"comment_status":"closed","ping_status":"closed","template":"","meta":[],"_links":{"self":[{"href":"https:\/\/www.the8thstate.com\/en\/wp-json\/wp\/v2\/pages\/4127"}],"collection":[{"href":"https:\/\/www.the8thstate.com\/en\/wp-json\/wp\/v2\/pages"}],"about":[{"href":"https:\/\/www.the8thstate.com\/en\/wp-json\/wp\/v2\/types\/page"}],"author":[{"embeddable":true,"href":"https:\/\/www.the8thstate.com\/en\/wp-json\/wp\/v2\/users\/1"}],"replies":[{"embeddable":true,"href":"https:\/\/www.the8thstate.com\/en\/wp-json\/wp\/v2\/comments?post=4127"}],"version-history":[{"count":2,"href":"https:\/\/www.the8thstate.com\/en\/wp-json\/wp\/v2\/pages\/4127\/revisions"}],"predecessor-version":[{"id":4930,"href":"https:\/\/www.the8thstate.com\/en\/wp-json\/wp\/v2\/pages\/4127\/revisions\/4930"}],"wp:attachment":[{"href":"https:\/\/www.the8thstate.com\/en\/wp-json\/wp\/v2\/media?parent=4127"}],"curies":[{"name":"wp","href":"https:\/\/api.w.org\/{rel}","templated":true}]}}