{"id":4132,"date":"2020-11-17T17:22:11","date_gmt":"2020-11-17T17:22:11","guid":{"rendered":"http:\/\/the8thstate.com\/tr\/?page_id=4132"},"modified":"2022-08-10T14:48:51","modified_gmt":"2022-08-10T14:48:51","slug":"kargo-ve-iade-politikasi","status":"publish","type":"page","link":"https:\/\/www.the8thstate.com\/en\/kargo-ve-iade-politikasi\/","title":{"rendered":"Kargo ve iade politikas\u0131"},"content":{"rendered":"<h4>Kargo ve \u0130ade Politikas\u0131<\/h4>\n<p>200 TL ve \u00fczeri sipari\u015fleriniz \u0130stanbul Beyo\u011flu\u2019nda bulunan merkezimizden MNG Kargo ile \u00fccretsiz olarak g\u00f6nderilmektedir. Sipari\u015fleriniz sipari\u015f onay\u0131n\u0131z\u0131 m\u00fcteakip 1-3 i\u015f g\u00fcn\u00fc i\u00e7erisinde i\u015fleme al\u0131nmaktad\u0131r. Paketiniz kargo \u015firketine teslim edildikten ortalama 1-5 i\u015f g\u00fcn\u00fc i\u00e7erisinde kay\u0131tl\u0131 teslimat adresinize g\u00f6nderilecektir. Kargo \u015firketinden kaynaklanan gecikmelerden \u015firketimiz sorumlu de\u011fildir.<\/p>\n<p>Kargo takip numaran\u0131z i\u015fleme al\u0131nd\u0131ktan sonra sipari\u015fte kullanm\u0131\u015f oldu\u011funuz e-mail adresinize otomatik olarak iletilecektir.<\/p>\n<p>De\u011fi\u015fim\/iade durumunda, internet sitemizde yer alan de\u011fi\u015fim\/iade s\u00fcreci ko\u015fullar\u0131na tabi olmak \u015fart\u0131 ile, iadesi veya de\u011fi\u015ftirilmesi istenen \u00fcr\u00fcn\/\u00fcr\u00fcnler MNG Kargo \u015firketi ile \u00fccretsiz olarak bize geri g\u00f6nderilebilir. \u0130ade\/de\u011fi\u015fim i\u015flemi i\u00e7in MNG Kargo d\u0131\u015f\u0131nda bir kargo \u015firketi se\u00e7meniz durumunda \u015eirketimiz kargo masraflar\u0131ndan sorumlu olmayacakt\u0131r, bu durumda kargo \u00fccretini \u00f6demeniz gerekir.<\/p>\n<p><b>De\u011fi\u015fim ve \u0130ade S\u00fcreci<\/b><\/p>\n<p><b>\u00dcr\u00fcnlerinizi kullan\u0131lmam\u0131\u015f olmak ko\u015fuluyla, t\u00fcm aksesuarlar\u0131 ve <\/b><b>iade formu <\/b><b>ile birlikte eksiksiz bir \u015fekilde 15 g\u00fcn i\u00e7erisinde \u00fccretsiz olarak iade edebilirsiniz.\u00a0 <\/b>\u00dcr\u00fcnlerin de\u011fi\u015ftirilebilmesi veya iade edilebilmesi i\u00e7in a\u015fa\u011f\u0131da belirtilen de\u011fi\u015fim ve\/veya iade ko\u015fullar\u0131na uyulmas\u0131 gerekmektedir.<\/p>\n<p>De\u011fi\u015fim\/iade etmek istedi\u011finiz \u00fcr\u00fcn\/\u00fcr\u00fcnleri, MNG Kargo ile g\u00f6nderdi\u011finiz takdirde, kargo \u00fccreti al\u0131nmayacakt\u0131r. \u0130ade paketiniz bizlere ula\u015ft\u0131ktan 1-5 i\u015f g\u00fcn\u00fc i\u00e7erisinde taraf\u0131n\u0131za bilgi maili g\u00f6nderilecektir.<\/p>\n<p>De\u011fi\u015fim\/iade etmek istedi\u011finiz \u00fcr\u00fcn\/\u00fcr\u00fcnleri farkl\u0131 bir kargo \u015firketi ile g\u00f6ndermek istedi\u011finiz taktirde, g\u00f6nderilen paketlerin \u00fccreti taraf\u0131m\u0131zdan kar\u015f\u0131lanmamaktad\u0131r.<\/p>\n<p><b>De\u011fi\u015fim ve \u0130ade \u015eartlar\u0131<br \/>\n<\/b><\/p>\n<p><b>Sat\u0131n ald\u0131\u011f\u0131m \u00fcr\u00fcn\u00fc de\u011fi\u015ftirmek istiyorum, ne yapmal\u0131y\u0131m?<\/b><\/p>\n<p>Sipari\u015finizi teslim ald\u0131\u011f\u0131n\u0131z tarihten itibaren 15 g\u00fcn i\u00e7erisinde de\u011fi\u015ftirebilirsiniz. De\u011fi\u015fim sadece ayn\u0131 model \u00fcr\u00fcnde \/beden\/numara de\u011fi\u015fikli\u011fi \u015feklinde yap\u0131lmaktad\u0131r. De\u011fi\u015fim talebinizle ilgili <a href=\"mailto:cs@the8thstate.com\">cs@the8thstate.com<\/a> adresine bilgi verdikten sonra mail adresine gelecek ya da yukar\u0131da bulunan formu doldurarak MNG Kargo ile \u00fccretsiz (the8thstate \u00f6demeli) geri g\u00f6nderebilirsiniz. Forma de\u011fi\u015fim yapmak istedi\u011finiz \u00fcr\u00fcn\u00fc ve yerine hangi beden\/numara istedi\u011finizi belirtmelisiniz. \u0130ste\u011finiz bize ula\u015ft\u0131\u011f\u0131nda yetkililer taraf\u0131ndan de\u011ferlendirilir ve de\u011fi\u015ftirmek istedi\u011finiz \u00fcr\u00fcn e\u011fer stoklarda mevcut ise \u00fcr\u00fcn 24 saat i\u00e7inde kargo \u015firketine teslim edilir. \u00dcr\u00fcn stoklarda mevcut de\u011fil ise \u00fccret iadeniz ger\u00e7ekle\u015fir. De\u011fi\u015fim talebinde bulundu\u011funuz \u00fcr\u00fcn\u00fc orijinal faturas\u0131yla \u201cDe\u011fi\u015fim Talebi\u201d oldu\u011funu form \u00fczerinde yaz\u0131l\u0131 olarak belirterek, \u00fcr\u00fcn\u00fc eksiksiz, kullan\u0131lmam\u0131\u015f ve ambalaj\u0131 hasar g\u00f6rmemi\u015f \u015fekilde the8thstate iade adresine g\u00f6ndermelisiniz. De\u011fi\u015fim i\u015fleminizi ba\u015flatabilmemiz i\u00e7in <a href=\"mailto:cs@the8thstate.com\">cs@the8thstate.com<\/a> adresine e-posta ile bilgi vermeniz gerekmektedir.<\/p>\n<p>\u00dcr\u00fcn de\u011fi\u015fim adresi: Evliya \u00c7elebi Mah. Sadi Konuralp Cad. IKSV Vakf\u0131 No:5\/2 Beyo\u011flu\/\u0130stanbul<\/p>\n<p><b>Sat\u0131n ald\u0131\u011f\u0131m \u00fcr\u00fcn\u00fc iade etmek istiyorum, ne yapmal\u0131y\u0131m?<br \/>\n<\/b><\/p>\n<p>Sipari\u015finizi teslim ald\u0131\u011f\u0131n\u0131z tarihten itibaren 15 g\u00fcn i\u00e7erisinde iade edebilirsiniz. \u0130ade talebinizle ilgili <a href=\"mailto:cs@the8thstate.com\">cs@the8thstate.com<\/a> adresine bilgi verdikten sonra \u00fcr\u00fcn\u00fcn\u00fcz\u00fc sonra mail adresine gelecek ya da yukar\u0131da bulunan formu doldurarak MNG Kargo ile \u00fccretsiz (the8thstate \u00f6demeli) geri g\u00f6nderebilirsiniz \u00dcr\u00fcn\u00fcn\u00fcz bize ula\u015ft\u0131\u011f\u0131nda yetkililer taraf\u0131ndan de\u011ferlendirilir ve iadeniz kabul edildi\u011finde size bir bilgi e-postas\u0131 g\u00f6nderilir. \u0130ade edece\u011finiz \u00fcr\u00fcn\u00fc orijinal faturas\u0131yla, eksiksiz, kullan\u0131lmam\u0131\u015f ve ambalaj\u0131 hasar g\u00f6rmemi\u015f \u015fekilde the8thstate iade adresine g\u00f6ndermelisiniz. E\u011fer \u00fcr\u00fcn\u00fcn faturas\u0131 kurumsal ise iade i\u015flemi i\u00e7in kurumun d\u00fczenlemi\u015f oldu\u011fu, kargo pay\u0131 dahil edilmeden, \u201c\u00dcr\u00fcn Birim Fiyat\u0131 + KDV\u201d \u015feklinde kesilmi\u015f bir iade faturas\u0131 ile birlikte g\u00f6ndermeniz gerekmektedir. Faturas\u0131 kurumlar ad\u0131na d\u00fczenlenen sipari\u015f iadeleri iade faturas\u0131 kesilmedi\u011fi takdirde tamamlanamamaktad\u0131r. \u0130ade i\u015fleminizi ba\u015flatabilmemiz i\u00e7in <a href=\"mailto:cs@the8thstate.com\">cs@the8thstate.com<\/a> adresine e-posta ile bilgi vermeniz gerekmektedir.<\/p>\n<p>\u00dcr\u00fcn iade adresi: Evliya \u00c7elebi Mah. Sadi Konuralp Cad. IKSV Vakf\u0131 No:5\/2 Beyo\u011flu\/\u0130stanbul<\/p>\n<p><b>Sat\u0131n ald\u0131\u011f\u0131m \u00fcr\u00fcn\u00fc ka\u00e7 g\u00fcn i\u00e7erisinde de\u011fi\u015ftirmem veya iade etmem gerekiyor?<\/b><\/p>\n<p>\u00dcr\u00fcn\u00fcn\u00fcz\u00fc teslim ald\u0131\u011f\u0131n\u0131z andan itibaren 15 g\u00fcn i\u00e7erisinde yukar\u0131daki iade\/de\u011fi\u015fim prosed\u00fcr\u00fcn\u00fc takip ederek iade edebilirsiniz veya de\u011fi\u015ftirebilirsiniz.<\/p>\n<p><b>Elime ula\u015fan \u00fcr\u00fcnde renk ya da beden de\u011fi\u015fimi yapabilir miyim?<br \/>\n<\/b><\/p>\n<p>De\u011fi\u015fim sadece ayn\u0131 model \u00fcr\u00fcnde ve beden\/numara de\u011fi\u015fikli\u011fi \u015feklinde yap\u0131lmaktad\u0131r. Talep edilen \u00fcr\u00fcn stoklarda mevcut ise de\u011fi\u015fim, mevcut de\u011filse \u00fccret iadeniz yap\u0131l\u0131r.<\/p>\n<p><b>Sat\u0131n ald\u0131\u011f\u0131m \u00fcr\u00fcn kusurlu ise nas\u0131l de\u011fi\u015ftirebilirim?<br \/>\n<\/b><\/p>\n<p>the8thstate olarak sizi ma\u011fdur etmemek ad\u0131na t\u00fcm \u00fcr\u00fcnler kalite kontrol\u00fcnden ge\u00e7irilmektedir. Yine de b\u00f6yle bir durumla kar\u015f\u0131la\u015f\u0131rsan\u0131z \u00fcr\u00fcn de\u011fi\u015fimi talebinde bulunabilirsiniz. Bunun i\u00e7in de\u011fi\u015fim prosed\u00fcr\u00fcn\u00fc takip etmeniz yeterlidir.<\/p>\n<p><b>Sat\u0131n ald\u0131\u011f\u0131m \u00fcr\u00fcn\u00fc farkl\u0131 bir \u00fcr\u00fcn ile de\u011fi\u015ftirebilir miyim?<\/b><\/p>\n<p>De\u011fi\u015fim sadece ayn\u0131 \u00fcr\u00fcn\u00fcn beden\/numara se\u00e7enekleri \u00fczerinden yap\u0131labilir. Farkl\u0131 bir \u00fcr\u00fcn ile de\u011fi\u015fim yap\u0131lmamaktad\u0131r.<\/p>\n<p><b>De\u011fi\u015fim hakk\u0131m\u0131 ka\u00e7 kez kullanabilirim?<\/b><\/p>\n<p>Sipari\u015f verdi\u011finiz tarih itibariyle ayn\u0131 \u00fcr\u00fcn ile ilgili 30 g\u00fcn i\u00e7inde 2 defa de\u011fi\u015fim hakk\u0131n\u0131z\u0131 kullanabilirsiniz.<\/p>\n<p><b>\u0130ade veya de\u011fi\u015fim i\u00e7in \u00fcr\u00fcn\u00fc hangi adrese g\u00f6ndermeliyim?<\/b><br \/>\n\u00dcr\u00fcn iade\/de\u011fi\u015fim adresi:<\/p>\n<p>Evliya \u00c7elebi Mah. Sadi Konuralp Cad. IKSV Vakf\u0131 No:5\/2 Beyo\u011flu\/\u0130stanbul<\/p>\n<p><b>\u0130ade edece\u011fim veya de\u011fi\u015ftirece\u011fim \u00fcr\u00fcn i\u00e7in kargo \u00fccreti \u00f6deyecek miyim?<br \/>\n<\/b><b><br \/>\n<\/b>MNG Kargo ile g\u00f6nderdi\u011finiz hi\u00e7bir iade\/de\u011fi\u015fim i\u015flemi i\u00e7in kargo \u00fccreti \u00f6demezsiniz. \u0130ade\/de\u011fi\u015fim i\u015flemi i\u00e7in MNG Kargo d\u0131\u015f\u0131nda bir kargo \u015firketi se\u00e7meniz durumunda \u015eirketimiz kargo masraflar\u0131ndan sorumlu olmayacakt\u0131r, bu durumda kargo \u00fccretini \u00f6demeniz gerekir.<\/p>\n<p><b>\u0130ade etti\u011fim \u00fcr\u00fcn\u00fcn \u00f6demesi ne zaman ger\u00e7ekle\u015fecek?<br \/>\n<\/b><\/p>\n<p>\u0130ade etti\u011finiz \u00fcr\u00fcn\u00fcn \u00f6nce iade ko\u015fullar\u0131na uygunlu\u011fu kontrol edilir. \u0130ade etti\u011finiz \u00fcr\u00fcn\/\u00fcr\u00fcnler iade \u015fartlar\u0131na uydu\u011fu takdirde, geri \u00f6demeleri 1-5 i\u015f g\u00fcn\u00fc i\u00e7erisinde bankaya iletilmektedir. \u0130ade i\u015flemi onaylanan sipari\u015flerin, para iadesi yap\u0131ld\u0131\u011f\u0131na dair size bir bilgi e-postas\u0131 g\u00f6nderilecektir ve \u00fcr\u00fcn bedeli \u00f6demeyi yapt\u0131\u011f\u0131n\u0131z kredi kart\u0131n\u0131za iade edilecektir. \u0130adenizin ekstrenize yans\u0131ma s\u00fcresi bankan\u0131za ba\u011fl\u0131 olarak de\u011fi\u015fiklik g\u00f6stermektedir. \u0130ade i\u015fleminizin kredi kart\u0131n\u0131za\/banka kart\u0131n\u0131za yans\u0131mas\u0131nda gecikme ya\u015fanmas\u0131 halinde bankan\u0131zdan detayl\u0131 bilgi alabilirsiniz. Banka uygulamalar\u0131 gere\u011fi, taksitli ger\u00e7ekle\u015ftirilen i\u015flemler ayn\u0131 \u015fekilde taksitli olarak iade edilmektedir.<\/p>\n<p><b>Sat\u0131n ald\u0131\u011f\u0131m \u00fcr\u00fcn kusurlu ise nas\u0131l iade edebilirim?<\/b><br \/>\nthe8thstate olarak sizi ma\u011fdur etmemek ad\u0131na t\u00fcm \u00fcr\u00fcnler kalite kontrol\u00fcnden ge\u00e7irilmektedir. Yine de b\u00f6yle bir durumla kar\u015f\u0131la\u015f\u0131rsan\u0131z iade talebinde bulunabilirsiniz. Bunun i\u00e7in iade prosed\u00fcr\u00fcn\u00fc takip etmeniz yeterlidir.<!-- Created with Elementor --><\/p>\n","protected":false},"excerpt":{"rendered":"<p>Kargo ve \u0130ade Politikas\u0131 200 TL ve \u00fczeri sipari\u015fleriniz \u0130stanbul Beyo\u011flu\u2019nda bulunan merkezimizden MNG Kargo ile \u00fccretsiz olarak g\u00f6nderilmektedir. Sipari\u015fleriniz sipari\u015f onay\u0131n\u0131z\u0131 m\u00fcteakip 1-3 i\u015f g\u00fcn\u00fc i\u00e7erisinde i\u015fleme al\u0131nmaktad\u0131r. Paketiniz kargo \u015firketine teslim edildikten ortalama 1-5 i\u015f g\u00fcn\u00fc i\u00e7erisinde kay\u0131tl\u0131 [&hellip;]<\/p>\n","protected":false},"author":1,"featured_media":0,"parent":0,"menu_order":0,"comment_status":"closed","ping_status":"closed","template":"","meta":[],"_links":{"self":[{"href":"https:\/\/www.the8thstate.com\/en\/wp-json\/wp\/v2\/pages\/4132"}],"collection":[{"href":"https:\/\/www.the8thstate.com\/en\/wp-json\/wp\/v2\/pages"}],"about":[{"href":"https:\/\/www.the8thstate.com\/en\/wp-json\/wp\/v2\/types\/page"}],"author":[{"embeddable":true,"href":"https:\/\/www.the8thstate.com\/en\/wp-json\/wp\/v2\/users\/1"}],"replies":[{"embeddable":true,"href":"https:\/\/www.the8thstate.com\/en\/wp-json\/wp\/v2\/comments?post=4132"}],"version-history":[{"count":1,"href":"https:\/\/www.the8thstate.com\/en\/wp-json\/wp\/v2\/pages\/4132\/revisions"}],"predecessor-version":[{"id":4931,"href":"https:\/\/www.the8thstate.com\/en\/wp-json\/wp\/v2\/pages\/4132\/revisions\/4931"}],"wp:attachment":[{"href":"https:\/\/www.the8thstate.com\/en\/wp-json\/wp\/v2\/media?parent=4132"}],"curies":[{"name":"wp","href":"https:\/\/api.w.org\/{rel}","templated":true}]}}