{"id":4137,"date":"2020-11-17T17:23:53","date_gmt":"2020-11-17T17:23:53","guid":{"rendered":"http:\/\/the8thstate.com\/tr\/?page_id=4137"},"modified":"2022-08-10T14:49:38","modified_gmt":"2022-08-10T14:49:38","slug":"mesafeli-satis-sozlesmesi","status":"publish","type":"page","link":"https:\/\/www.the8thstate.com\/en\/mesafeli-satis-sozlesmesi\/","title":{"rendered":"Mesafeli sat\u0131\u015f s\u00f6zle\u015fmesi"},"content":{"rendered":"<h4>MESAFEL\u0130 SATI\u015e S\u00d6ZLE\u015eMES\u0130<\/h4>\n<ol>\n<li><b>TARAFLAR<\/b><\/li>\n<\/ol>\n<p>\u0130\u015fbu Mesafeli Sat\u0131\u015f S\u00f6zle\u015fmesi (\u201c<b>S\u00f6zle\u015fme<\/b>\u201d) a\u015fa\u011f\u0131da bilgileri verilen Sat\u0131c\u0131 ve Al\u0131c\u0131 aras\u0131nda elektronik ortamda imzalanm\u0131\u015ft\u0131r. Taraflar, i\u015fbu S\u00f6zle\u015fme\u2019nin tamam\u0131n\u0131 okuduklar\u0131n\u0131, i\u00e7eri\u011fini b\u00fct\u00fcn\u00fc ile anlad\u0131klar\u0131n\u0131 ve t\u00fcm h\u00fck\u00fcmlerini onaylad\u0131klar\u0131n\u0131 kabul, beyan ve taahh\u00fct eder.<\/p>\n<p><b>SATICI:<\/b><\/p>\n<p>Sat\u0131c\u0131\u2019n\u0131n Unvan\u0131:\u00a0O\u011fulcan Hac\u0131zade<br \/>\nSat\u0131c\u0131&#8217;n\u0131n A\u00e7\u0131k Adresi: Evliya \u00c7elebi Mah. Sadi Konuralp Cad. IKSV Vakf\u0131 No:5\/2 Beyo\u011flu\/\u0130stanbul<br \/>\nSat\u0131c\u0131 Vergi Kimlik No:<b>\u00a0<\/b>29233894774<\/p>\n<p>Sat\u0131c\u0131\u2019n\u0131n E-posta Adresi: <a href=\"mailto:ogulcan@the8thstate.com\">ogulcanhacizade@the8thstate.com<\/a><\/p>\n<p><b><br \/>\nALICI:<br \/>\n<\/b>Al\u0131c\u0131\u2019n\u0131n Ad\u0131\/Soyad\u0131:<br \/>\nAl\u0131c\u0131\u2019n\u0131n Adresi:<br \/>\nAl\u0131c\u0131\u2019n\u0131n Telefonu:<br \/>\nAl\u0131c\u0131\u2019n\u0131n E-Posta Adresi:<\/p>\n<ol start=\"2\">\n<li><b>S\u00d6ZLE\u015eME\u2019N\u0130N KURULMASI<\/b><\/li>\n<\/ol>\n<ul>\n<li>Al\u0131c\u0131 S\u00f6zle\u015fme\u2019yi okudu\u011funu, anlad\u0131\u011f\u0131n\u0131, haklar\u0131n\u0131n ve y\u00fck\u00fcml\u00fcl\u00fcklerinin bilincinde oldu\u011funu kabul eder.<\/li>\n<li>Taraflar, S\u00f6zle\u015fme ile kararla\u015ft\u0131r\u0131lan edimler aras\u0131nda hi\u00e7bir orans\u0131zl\u0131k bulunmad\u0131\u011f\u0131n\u0131 ve kar\u015f\u0131l\u0131kl\u0131 edimlerin i\u015fin niteli\u011fine uygun oldu\u011funu, S\u00f6zle\u015fme konusuna giren i\u015flemler kapsam\u0131nda herhangi bir tecr\u00fcbesizliklerinin bulunmad\u0131\u011f\u0131n\u0131 kabul ederler.<\/li>\n<li>Al\u0131c\u0131, S\u00f6zle\u015fme kapsam\u0131nda yer alan i\u015flemlerin kendi menfaatine uygun oldu\u011fu konusunda tam bir kanaate vard\u0131\u011f\u0131n\u0131 ve t\u00fcm \u015fartlara kendi \u00f6zg\u00fcr iradesi ile, hi\u00e7bir g\u00fc\u00e7l\u00fck veya s\u0131k\u0131nt\u0131 i\u00e7inde olmadan, d\u00fc\u015f\u00fcnerek, isteyerek ve bilerek uyaca\u011f\u0131n\u0131 kabul eder.<\/li>\n<li>Taraflar, S\u00f6zle\u015fme h\u00fck\u00fcmlerinin haks\u0131z \u015fart say\u0131labilecek bir \u00f6zellik ta\u015f\u0131mad\u0131\u011f\u0131n\u0131, menfaatler dengesi bak\u0131m\u0131ndan bir haks\u0131zl\u0131k olmad\u0131\u011f\u0131n\u0131 kabul eder.<\/li>\n<li>\u0130\u015fbu S\u00f6zle\u015fme h\u00fck\u00fcmleri t\u00fcketici s\u00f6zle\u015fmelerindeki haks\u0131z \u015fartlar hakk\u0131nda y\u00f6netmelik h\u00fck\u00fcmleri uyar\u0131nca herhangi bir haks\u0131z \u015fart i\u00e7ermemektedir. H\u00fck\u00fcmler d\u00fcr\u00fcstl\u00fck ve iyiniyet kural\u0131na ayk\u0131r\u0131l\u0131k te\u015fkil etmemekte olup t\u00fcketicinin korunmas\u0131 hakk\u0131ndaki mevzuata uygun olarak haz\u0131rlanm\u0131\u015ft\u0131r.<\/li>\n<li>\u0130\u015fbu S\u00f6zle\u015fme h\u00fck\u00fcmleri T\u00fcrk Bor\u00e7lar Kanunu h\u00fck\u00fcmleri de dikkate al\u0131narak haz\u0131rlanm\u0131\u015ft\u0131r. T\u00fcrk Bor\u00e7lar Kanunu\u2019nun 21. Maddesinde \u00f6ng\u00f6r\u00fclen ba\u011flay\u0131c\u0131l\u0131k ve i\u00e7erik denetimi al\u0131c\u0131 taraf\u0131ndan yap\u0131lm\u0131\u015ft\u0131r.\u00a0 \u0130\u015fbu S\u00f6zle\u015fme h\u00fck\u00fcmlerinden hi\u00e7biri i\u015fbu S\u00f6zle\u015fme\u2019nin niteli\u011fine ve i\u015fin \u00f6zelli\u011fine yabanc\u0131 (\u015fa\u015f\u0131rt\u0131c\u0131 \u015fartlar) nitelik ta\u015f\u0131maz.\u00a0 \u0130\u015fbu S\u00f6zle\u015fme h\u00fck\u00fcmleri a\u00e7\u0131k ve anla\u015f\u0131l\u0131r bir \u015fekilde yaz\u0131lm\u0131\u015f olup birden \u00e7ok anlam\u0131 ifade etmemektedir.<\/li>\n<\/ul>\n<ol start=\"3\">\n<li><b>S\u00d6ZLE\u015eME&#8217;N\u0130N KONUSU VE KAPSAMI<\/b><\/li>\n<\/ol>\n<p>\u0130\u015fbu S\u00f6zle\u015fme\u2019nin konusu, Al\u0131c\u0131\u2019n\u0131n Sat\u0131c\u0131\u2019ya ait www.the8thstate.com alan adl\u0131 internet sitesi (\u201c<b>Site<\/b>\u201d) \u00fczerinden elektronik ortamda sipari\u015fini yapt\u0131\u011f\u0131 a\u015fa\u011f\u0131da nitelikleri ve sat\u0131\u015f fiyat\u0131 belirtilen \u00fcr\u00fcn\u00fcn sat\u0131\u015f\u0131 ve teslimi ile ilgili olarak 6502 say\u0131l\u0131 T\u00fcketicinin Korunmas\u0131 Hakk\u0131ndaki Kanun ve Mesafeli S\u00f6zle\u015fmeler Y\u00f6netmeli\u011fi gere\u011fince taraflar\u0131n hak ve y\u00fck\u00fcml\u00fcl\u00fcklerinin saptanmas\u0131d\u0131r.<\/p>\n<ol start=\"4\">\n<li><b>S\u00d6ZLE\u015eME KONUSU MAL VEYA H\u0130ZMET\u0130N TEMEL N\u0130TEL\u0130KLER\u0130<\/b><\/li>\n<\/ol>\n<p>\u0130\u015fbu S\u00f6zle\u015fme konusu \u00fcr\u00fcn\u00fcn temel nitelikleri, sat\u0131\u015f bedeli, teslimat ve \u00f6deme ko\u015fullar\u0131 a\u015fa\u011f\u0131daki gibidir:<\/p>\n<table cellspacing=\"0\" cellpadding=\"0\">\n<tbody>\n<tr>\n<td valign=\"middle\"><b>\u00dcr\u00fcn Kodu ve Ad\u0131<\/b><\/td>\n<td valign=\"middle\"><b>Adet<\/b><\/td>\n<td valign=\"middle\"><b>Birim Fiyat\u0131 (KDV dahil)<\/b><\/td>\n<td valign=\"middle\"><b>Kargo \u00dccreti<\/b><\/td>\n<td valign=\"middle\"><b>\u0130ndirim \/ Kupon<\/b><\/td>\n<td valign=\"middle\"><b>Toplam Fiyat (KDV dahil)<\/b><\/td>\n<\/tr>\n<tr>\n<td valign=\"middle\"><b>[\u2026]<\/b><\/td>\n<td valign=\"middle\"><b>[\u2026]<\/b><\/td>\n<td valign=\"middle\"><b>[\u2026]<\/b><\/td>\n<td valign=\"middle\"><b>[\u2026]<\/b><\/td>\n<td valign=\"middle\"><b>[\u2026]<\/b><\/td>\n<td valign=\"middle\"><b>[\u2026]<\/b><\/td>\n<\/tr>\n<\/tbody>\n<\/table>\n<p><b>\u00a0<\/b><\/p>\n<p><b>\u00d6DEME VE TESL\u0130MAT KO\u015eULLARI<\/b><\/p>\n<p>Kargo hari\u00e7 toplam \u00fcr\u00fcn bedeli:<\/p>\n<p>Kargo \u00dccreti:<\/p>\n<p>Kargo ve t\u00fcm vergiler dahil toplam \u00fcr\u00fcn bedeli:<\/p>\n<p>\u00d6deme \u015eekli:<\/p>\n<p>Taksit Say\u0131s\u0131:<\/p>\n<p>Al\u0131nan Vade Fark\u0131:<\/p>\n<p>Vade fark\u0131 hesab\u0131nda kullan\u0131lan faiz oran\u0131:<\/p>\n<p>Al\u0131c\u0131\u2019n\u0131n \u00f6deyece\u011fi ek masraf:<\/p>\n<p>Teslimat Adresi:<\/p>\n<p>Teslim Edilecek Ki\u015fi:<\/p>\n<p>Yukar\u0131da belirtilen toplam \u00fcr\u00fcn bedeli, O\u011fulcan Hac\u0131zade \u00a0taraf\u0131ndan Al\u0131c\u0131\u2019dan tahsil edilmektedir.<\/p>\n<ol start=\"5\">\n<li><b>TESL\u0130MAT<\/b><\/li>\n<\/ol>\n<p>S\u00f6zle\u015fme konusu \u00fcr\u00fcn\/\u00fcr\u00fcnler, sipari\u015fin Sat\u0131c\u0131\u2019ya ula\u015fmas\u0131n\u0131 takip eden 30 (Otuz) g\u00fcnl\u00fck yasal s\u00fcreyi a\u015fmamak ko\u015fulu ile her bir \u00fcr\u00fcn i\u00e7in Al\u0131c\u0131\u2019n\u0131n teslimat adresinin uzakl\u0131\u011f\u0131na ba\u011fl\u0131 olarak i\u015fbu 30 (Otuz) g\u00fcnl\u00fck s\u00fcre i\u00e7inde Al\u0131c\u0131 veya g\u00f6sterdi\u011fi adresteki ki\u015fi\/kurulu\u015fa teslim edilir.<\/p>\n<p>\u015e\u00fcpheye mahal vermemek ad\u0131na, i\u015fbu S\u00f6zle\u015fme\u2019ye konu \u00fcr\u00fcn\u00fcn\/\u00fcr\u00fcnlerin teslimat\u0131 i\u00e7in i\u015fbu S\u00f6zle\u015fme\u2019nin ve \u00d6n Bilgilendirme Formu\u2019nun Al\u0131c\u0131 taraf\u0131ndan elektronik ortamda teyit edilmi\u015f olmas\u0131 ve \u00fcr\u00fcn(lerin) bedelinin Al\u0131c\u0131&#8217;n\u0131n tercih etti\u011fi \u00f6deme \u015fekli ile tam ve eksiksiz olarak \u00f6denmi\u015f olmas\u0131 \u015fartt\u0131r. Herhangi bir nedenle \u00fcr\u00fcn bedeli \u00f6denmez, eksik \u00f6denir veya \u00f6deme banka kay\u0131tlar\u0131nda iptal edilir ise, Sat\u0131c\u0131 \u00fcr\u00fcn\u00fcn teslimi y\u00fck\u00fcml\u00fcl\u00fc\u011f\u00fcnden kurtulmu\u015f kabul edilir.<\/p>\n<p>Sipari\u015f konusu mal ya da hizmet ediminin yerine getirilmesinin imkans\u0131zla\u015ft\u0131\u011f\u0131 hallerde, Sat\u0131c\u0131 bu durumu \u00f6\u011frendi\u011fi tarihten itibaren 3 (\u00dc\u00e7) g\u00fcn i\u00e7inde Al\u0131c\u0131&#8217;ya yaz\u0131l\u0131 olarak veya kal\u0131c\u0131 veri sa\u011flay\u0131c\u0131s\u0131 ile bildirir ve varsa teslimat masraflar\u0131 da d\u00e2hil olmak \u00fczere tahsil edilen t\u00fcm \u00f6demeleri bildirim tarihinden itibaren en ge\u00e7 14 (On D\u00f6rt) g\u00fcn i\u00e7inde Al\u0131c\u0131\u2019ya iade eder.<\/p>\n<ol start=\"6\">\n<li><b>ALICI&#8217;NIN BEYAN VE TAAHH\u00dcTLER\u0130<\/b><\/li>\n<\/ol>\n<p>Al\u0131c\u0131, Site\u2019de yer alan S\u00f6zle\u015fme konusu mal veya hizmetin temel nitelikleri, sat\u0131\u015f fiyat\u0131 ve \u00f6deme \u015fekli ile teslimat ve kargo bedeline ili\u015fkin olarak Sat\u0131c\u0131 taraf\u0131ndan y\u00fcklenen \u00f6n bilgileri okuyup bilgi sahibi oldu\u011funu, elektronik ortamda gerekli teyidi verdi\u011fini ve Site \u00fczerinden sipari\u015fi onaylamas\u0131 ile \u00f6deme y\u00fck\u00fcml\u00fcl\u00fc\u011f\u00fc alt\u0131na girdi\u011finin bilincinde oldu\u011funu kabul, beyan ve taahh\u00fct eder.<\/p>\n<p>Al\u0131c\u0131, i\u015fbu S\u00f6zle\u015fme\u2019yi ve \u00d6n Bilgilendirme Formunu elektronik ortamda teyit etmekle mesafeli s\u00f6zle\u015fmelerin akdinden \u00f6nce Sat\u0131c\u0131 taraf\u0131ndan Al\u0131c\u0131&#8217;ya verilmesi gereken adres, sipari\u015fi verilen mal veya hizmete ait temel \u00f6zellikler, mal veya hizmetin vergiler dahil fiyat\u0131, \u00f6deme ve teslimat ile teslimat fiyat\u0131 bilgilerini de do\u011fru ve eksiksiz olarak edindi\u011fini teyit etmi\u015f olur.<\/p>\n<p>Mal veya hizmetin tesliminden sonra Al\u0131c\u0131&#8217;ya ait kredi kart\u0131n\u0131n Al\u0131c\u0131&#8217;n\u0131n kusurundan kaynaklanmayan bir \u015fekilde yetkisiz ki\u015filerce haks\u0131z veya hukuka ayk\u0131r\u0131 olarak kullan\u0131lmas\u0131 nedeni ile ilgili banka veya finans kurulu\u015funun mal veya hizmetin bedelini Sat\u0131c\u0131&#8217;ya \u00f6dememesi halinde, Al\u0131c\u0131 kendisine teslim edilmi\u015f olmas\u0131 kayd\u0131yla mal veya hizmeti 3 (\u00dc\u00e7) g\u00fcn i\u00e7inde Sat\u0131c\u0131&#8217;ya iade etmekle y\u00fck\u00fcml\u00fcd\u00fcr. Bu halde teslimat giderleri Al\u0131c\u0131&#8217;ya aittir.<\/p>\n<p>S\u00f6zle\u015fme konusu mal veya hizmet, Al\u0131c\u0131&#8217;dan ba\u015fka bir ki\u015fiye teslim edilecek ise, teslim edilecek ki\u015finin teslimat\u0131 kabul etmemesinden Sat\u0131c\u0131 sorumlu tutulamaz.<\/p>\n<ol start=\"7\">\n<li><b>SATICI&#8217;NIN BEYAN VE TAAHH\u00dcTLER\u0130<\/b><\/li>\n<\/ol>\n<p>Sat\u0131c\u0131, S\u00f6zle\u015fme konusu mal veya hizmetin t\u00fcketici mevzuat\u0131na uygun olarak sa\u011flam, eksiksiz, sipari\u015fte belirtilen niteliklere uygun ve varsa garanti belgeleri ve kullan\u0131m k\u0131lavuzlar\u0131 ile Al\u0131c\u0131&#8217;ya teslim edilmesinden sorumludur.<\/p>\n<p>Sat\u0131c\u0131, hakl\u0131 bir sebebe dayanmak ve Al\u0131c\u0131\u2019y\u0131 bilgilendirmek ve a\u00e7\u0131k\u00e7a onay\u0131n\u0131 almak \u015fart\u0131yla S\u00f6zle\u015fme\u2019den do\u011fan ifa y\u00fck\u00fcml\u00fcl\u00fc\u011f\u00fcn\u00fcn s\u00fcresi dolmadan Al\u0131c\u0131\u2019ya e\u015fit kalite ve fiyatta farkl\u0131 bir \u00fcr\u00fcn tedarik edebilir.<\/p>\n<ol start=\"8\">\n<li><b>ALICI\u2019NIN CAYMA HAKKI<\/b><\/li>\n<\/ol>\n<p>Al\u0131c\u0131, hi\u00e7bir hukuki ve cezai sorumluluk \u00fcstlenmeksizin ve hi\u00e7bir gerek\u00e7e g\u00f6stermeksizin, mal teslimine ili\u015fkin s\u00f6zle\u015fmelerde Al\u0131c\u0131\u2019n\u0131n veya Al\u0131c\u0131 taraf\u0131ndan belirlenen \u00fc\u00e7\u00fcnc\u00fc ki\u015finin mal\u0131 teslim ald\u0131\u011f\u0131 tarihten itibaren, hizmet ifas\u0131na ili\u015fkin s\u00f6zle\u015fmelerde s\u00f6zle\u015fmenin kuruldu\u011fu g\u00fcnden itibaren 14 (on d\u00f6rt) g\u00fcn i\u00e7erisinde cayma hakk\u0131n\u0131 kullanabilir. Al\u0131c\u0131, s\u00f6zle\u015fmenin kurulmas\u0131ndan mal\u0131n teslimine kadar olan s\u00fcre i\u00e7inde de cayma hakk\u0131n\u0131 kullanabilir.<\/p>\n<p>Al\u0131c\u0131, cayma hakk\u0131n\u0131 sipari\u015fle birlikte kendisine teslim edilen cayma formunu doldurmak suretiyle veya cayma karar\u0131n\u0131 bildiren a\u00e7\u0131k bir beyan ile Sat\u0131c\u0131\u2019ya ula\u015ft\u0131rarak kullanabilir. S\u00f6z konusu formun veya a\u00e7\u0131k cayma beyan\u0131n\u0131n cayma hakk\u0131 s\u00fcresi dolmadan yaz\u0131l\u0131 olarak veya kal\u0131c\u0131 veri sa\u011flay\u0131c\u0131s\u0131 ile Sat\u0131c\u0131\u2019ya y\u00f6neltilmesi gerekmektedir. Cayma bildiriminin yap\u0131labilece\u011fi Sat\u0131c\u0131\u2019ya ait ileti\u015fim bilgileri a\u015fa\u011f\u0131daki gibidir:<\/p>\n<p>A\u00e7\u0131k Adres: Evliya \u00c7elebi Mah. Sadi Konuralp Cad. IKSV Vakf\u0131 No:5\/2 Beyo\u011flu\/\u0130stanbul<br \/>\nE-posta: <a href=\"mailto:ogulcan@the8thstate.com\">ogulcanhacizade@the8thstate.com<\/a><\/p>\n<p>Sat\u0131c\u0131, Al\u0131c\u0131&#8217;n\u0131n cayma hakk\u0131n\u0131 kulland\u0131\u011f\u0131na ili\u015fkin bildirimin kendisine ula\u015ft\u0131\u011f\u0131 tarihten itibaren 14 (on d\u00f6rt) g\u00fcn i\u00e7erisinde, varsa mal\u0131n Al\u0131c\u0131\u2019ya teslim masraflar\u0131 da dahil olmak \u00fczere Al\u0131c\u0131&#8217;n\u0131n ilgili mal veya hizmete ili\u015fkin Sat\u0131c\u0131\u2019ya yapt\u0131\u011f\u0131 t\u00fcm \u00f6demeleri, sat\u0131n al\u0131rken kullan\u0131lan \u00f6deme arac\u0131na uygun bir \u015fekilde ve t\u00fcketiciye herhangi bir masraf veya y\u00fck\u00fcml\u00fcl\u00fck getirmeksizin tek seferde, Al\u0131c\u0131&#8217;ya iade edecektir.<\/p>\n<p>Al\u0131c\u0131&#8217;n\u0131n cayma hakk\u0131n\u0131 kullanmas\u0131 halinde Sat\u0131c\u0131\u2019n\u0131n \u00f6ng\u00f6rd\u00fc\u011f\u00fc \u00fcr\u00fcn\u00fc iade alacak olan kargo \u015firketi UPS\u2019dir. Cayma hakk\u0131n\u0131n kullan\u0131lmas\u0131 halinde burada belirtilen kargo \u015firketi arac\u0131l\u0131\u011f\u0131yla mal\u0131n geri g\u00f6nderilmesi durumunda Al\u0131c\u0131 iadeye ili\u015fkin masraflardan sorumlu tutulmaz. Al\u0131c\u0131\u2019n\u0131n iade edece\u011fi mal\u0131 i\u015fbu S\u00f6zle\u015fme\u2019de belirtilen Sat\u0131c\u0131\u2019n\u0131n anla\u015fmal\u0131 kargo \u015firketi d\u0131\u015f\u0131nda bir kargo \u015firketi ile g\u00f6ndermesi halinde, iade kargo masraflar\u0131 ve mal\u0131n kargo s\u00fcrecinde u\u011frayaca\u011f\u0131 hasardan Sat\u0131c\u0131 sorumlu de\u011fildir.<\/p>\n<p>Al\u0131c\u0131\u2019n\u0131n cayma hakk\u0131n\u0131 kulland\u0131\u011f\u0131na ili\u015fkin bildirimi y\u00f6neltti\u011fi tarihten itibaren 10 (on) g\u00fcn i\u00e7inde mal\u0131 Sat\u0131c\u0131\u2019ya geri g\u00f6ndermesi gerekmektedir. \u0130adeye konu mal ile beraber s\u00f6z konusu mal\u0131n faturas\u0131n\u0131n, kutusunun, ambalaj\u0131n\u0131n, varsa standart aksesuarlar\u0131n\u0131n ve s\u00f6z konusu mal\u0131n sat\u0131n al\u0131nmas\u0131 sebebiyle hediye edilen di\u011fer \u00fcr\u00fcnlerin de eksiksiz ve hasars\u0131z olarak Sat\u0131c\u0131\u2019ya iade edilmesi gerekmektedir. Al\u0131c\u0131, cayma s\u00fcresi i\u00e7inde mal\u0131, i\u015fleyi\u015fine, teknik \u00f6zelliklerine ve kullan\u0131m talimatlar\u0131na uygun bir \u015fekilde kullanmal\u0131d\u0131r, aksi halde malda meydana gelen de\u011fi\u015fiklik ve bozulmalardan sorumludur.<\/p>\n<ol start=\"9\">\n<li><b>CAYMA HAKKININ KULLANILAMAYACA\u011eI HALLER<\/b><\/li>\n<\/ol>\n<p>Al\u0131c\u0131, a\u015fa\u011f\u0131da say\u0131lan hallerde cayma hakk\u0131n\u0131 kullanamayaca\u011f\u0131n\u0131 bildi\u011fini kabul, beyan ve taahh\u00fct eder:<\/p>\n<ol>\n<li>Fiyat\u0131 finansal piyasalardaki dalgalanmalara ba\u011fl\u0131 olarak de\u011fi\u015fen ve sat\u0131c\u0131 veya sa\u011flay\u0131c\u0131n\u0131n kontrol\u00fcnde olmayan mal veya hizmetlere ili\u015fkin s\u00f6zle\u015fmeler.<\/li>\n<li>T\u00fcketicinin istekleri veya ki\u015fisel ihtiya\u00e7lar\u0131 do\u011frultusunda haz\u0131rlanan mallara ili\u015fkin s\u00f6zle\u015fmeler.<\/li>\n<li>\u00c7abuk bozulabilen veya son kullanma tarihi ge\u00e7ebilecek mallar\u0131n teslimine ili\u015fkin s\u00f6zle\u015fmeler.<\/li>\n<li>Tesliminden sonra ambalaj, bant, m\u00fch\u00fcr, paket gibi koruyucu unsurlar\u0131 a\u00e7\u0131lm\u0131\u015f olan mallardan; iadesi sa\u011fl\u0131k ve hijyen a\u00e7\u0131s\u0131ndan uygun olmayanlar\u0131n teslimine ili\u015fkin s\u00f6zle\u015fmeler.<\/li>\n<li>Tesliminden sonra ba\u015fka \u00fcr\u00fcnlerle kar\u0131\u015fan ve do\u011fas\u0131 gere\u011fi ayr\u0131\u015ft\u0131r\u0131lmas\u0131 m\u00fcmk\u00fcn olmayan mallara ili\u015fkin s\u00f6zle\u015fmeler.<\/li>\n<li>Mal\u0131n tesliminden sonra ambalaj, bant, m\u00fch\u00fcr, paket gibi koruyucu unsurlar\u0131 a\u00e7\u0131lm\u0131\u015f olmas\u0131 halinde maddi ortamda sunulan kitap, dijital i\u00e7erik ve bilgisayar sarf malzemelerine ili\u015fkin s\u00f6zle\u015fmeler.<\/li>\n<li>Abonelik s\u00f6zle\u015fmesi kapsam\u0131nda sa\u011flananlar d\u0131\u015f\u0131nda, gazete ve dergi gibi s\u00fcreli yay\u0131nlar\u0131n teslimine ili\u015fkin s\u00f6zle\u015fmeler.<\/li>\n<li>Belirli bir tarihte veya d\u00f6nemde yap\u0131lmas\u0131 gereken, konaklama, e\u015fya ta\u015f\u0131ma, araba kiralama, yiyecek-i\u00e7ecek tedariki ve e\u011flence veya dinlenme amac\u0131yla yap\u0131lan bo\u015f zaman\u0131n de\u011ferlendirilmesine ili\u015fkin s\u00f6zle\u015fmeler.<\/li>\n<li>Elektronik ortamda an\u0131nda ifa edilen hizmetler veya t\u00fcketiciye an\u0131nda teslim edilen gayrimaddi mallara ili\u015fkin s\u00f6zle\u015fmeler.<\/li>\n<li>Cayma hakk\u0131 s\u00fcresi sona ermeden \u00f6nce, t\u00fcketicinin onay\u0131 ile ifas\u0131na ba\u015flanan hizmetlere ili\u015fkin s\u00f6zle\u015fmeler.<\/li>\n<\/ol>\n<p><b>\u00a0<\/b><\/p>\n<ol start=\"10\">\n<li><b>SATICI\u2019NIN \u015e\u0130KAYETLERE \u0130L\u0130\u015eK\u0130N \u00c7\u00d6Z\u00dcM Y\u00d6NTEM\u0130<\/b><\/li>\n<\/ol>\n<p>Al\u0131c\u0131, sat\u0131n al\u0131nan mal ve\/veya hizmetlere ilgili \u015fik\u00e2yetlerini Sat\u0131c\u0131\u2019ya do\u011frudan (yukar\u0131da Taraflar ba\u015fl\u0131\u011f\u0131 alt\u0131nda belirtilen Sat\u0131c\u0131\u2019ya ait ileti\u015fim adreslerini kullanarak) iletebilir. \u015eik\u00e2yetin iletilmesi halinde Sat\u0131c\u0131 sorunun \u00e7\u00f6z\u00fclmesi i\u00e7in m\u00fcmk\u00fcn olan t\u00fcm deste\u011fi sa\u011flayacakt\u0131r.<\/p>\n<ol start=\"11\">\n<li><b>TEMERR\u00dcT HAL\u0130 VE HUKUK\u0130 SONU\u00c7LARI<\/b><\/li>\n<\/ol>\n<p>Al\u0131c\u0131&#8217;n\u0131n, kredi kart\u0131 ile yapm\u0131\u015f oldu\u011fu i\u015flemlerde temerr\u00fcde d\u00fc\u015fmesi halinde kart sahibi bankan\u0131n kendisi ile yapm\u0131\u015f oldu\u011fu kredi kart\u0131 s\u00f6zle\u015fmesi \u00e7er\u00e7evesinde bankaya kar\u015f\u0131 sorumlu olacakt\u0131r. Bu durumda ilgili banka hukuki yollara ba\u015fvurabilir, do\u011facak masraflar\u0131 ve vek\u00e2let \u00fccretini Al\u0131c\u0131&#8217;dan talep edebilir. Her ko\u015fulda Al\u0131c\u0131\u2019n\u0131n temerr\u00fcde d\u00fc\u015fmesi halinde, Sat\u0131c\u0131\u2019n\u0131n u\u011frad\u0131\u011f\u0131 her t\u00fcrl\u00fc zarar ve ziyandan Al\u0131c\u0131 sorumlu olacakt\u0131r.<\/p>\n<ol start=\"12\">\n<li><b>F\u0130KR\u0130 M\u00dcLK\u0130YET<\/b><\/li>\n<\/ol>\n<p>Al\u0131c\u0131, Sat\u0131c\u0131 taraf\u0131ndan \u00fcretilen \u00fcr\u00fcnlerin tasar\u0131mlar\u0131nda kullan\u0131lan \u00f6zel tasar\u0131m tekniklerinin, doku, desen, dizayn, \u00e7izim, tasar\u0131m elementleri (ikon, d\u00fc\u011fme vb.), stiller, gradyan ve solid renk tonlar\u0131 ile her t\u00fcrl\u00fc grafik tasar\u0131m, ill\u00fcstrasyon, \u00e7izim, tasar\u0131m ve eserlerin tasar\u0131m\u0131nda kullan\u0131lan \u00f6\u011felerin ve Site\u2019de sat\u0131\u015fa sunulan t\u00fcm \u00fcr\u00fcnlerin Fikir ve Sanat Eserleri Kanunu\u2019ndan (FSEK) kaynakl\u0131 t\u00fcm haklar\u0131n\u0131n Sat\u0131c\u0131\u2019ya ait oldu\u011funu kabul ve beyan eder.<\/p>\n<p>Site\u2019de yer alan her t\u00fcrl\u00fc bilgi ve i\u00e7erik ile bunlar\u0131n d\u00fczenlenmesi, revizyonu ve k\u0131smen\/tamamen kullan\u0131m\u0131 konusunda; Sat\u0131c\u0131&#8217;n\u0131n anla\u015fmas\u0131na g\u00f6re di\u011fer \u00fc\u00e7\u00fcnc\u00fc \u015fah\u0131slara ait olanlar hari\u00e7; t\u00fcm fikri-s\u0131nai haklar ve m\u00fclkiyet haklar\u0131 Sat\u0131c\u0131&#8217;ya aittir. Al\u0131c\u0131 taraf\u0131ndan sat\u0131n al\u0131nan \u00fcr\u00fcn\/\u00fcr\u00fcnlerin tamam\u0131, bir k\u0131sm\u0131 ve\/veya \u00fcr\u00fcnden elde edilen herhangi bir bilgi, yaz\u0131l\u0131m veya hizmet de\u011fi\u015ftirilemez, kopyalanamaz, da\u011f\u0131t\u0131lamaz, \u00e7o\u011falt\u0131lamaz, yay\u0131nlanamaz, t\u00fcrev niteli\u011finde \u00e7al\u0131\u015fmalara konu edilemez, aktar\u0131lamaz veya sat\u0131lamaz. Al\u0131c\u0131 i\u015fbu S\u00f6zle\u015fme ile sat\u0131n ald\u0131\u011f\u0131 \u00fcr\u00fcn\u00fc yasa d\u0131\u015f\u0131 ama\u00e7lar i\u00e7in ve\/veya bu yasaklanan \u015fekillerde kullanmayaca\u011f\u0131n\u0131 kabul ve taahh\u00fct eder. Aksi halde do\u011fabilecek t\u00fcm hukuki ve cezai sorumluluk Al\u0131c\u0131\u2019ya ait olmakla beraber \u00fc\u00e7\u00fcnc\u00fc ki\u015filer veya yetkili merciler taraf\u0131ndan Sat\u0131c\u0131\u2019ya kar\u015f\u0131 ileri s\u00fcr\u00fclebilecek t\u00fcm iddia ve taleplere kar\u015f\u0131, Sat\u0131c\u0131\u2019n\u0131n s\u00f6z konusu izinsiz kullan\u0131mdan kaynaklanan her t\u00fcrl\u00fc tazminat ve sair talep hakk\u0131 sakl\u0131d\u0131r.<\/p>\n<ol start=\"13\">\n<li><b>UYU\u015eMAZLIKLARIN \u00c7\u00d6Z\u00dcM\u00dc<\/b><\/li>\n<\/ol>\n<p>S\u00f6zle\u015fme ile ilgili \u00e7\u0131kacak ihtilaflarda uyu\u015fmazl\u0131k konusundaki ba\u015fvurular, her y\u0131l G\u00fcmr\u00fck ve Ticaret Bakanl\u0131\u011f\u0131 taraf\u0131ndan ilan edilen de\u011fere kadar Al\u0131c\u0131&#8217;n\u0131n \u00fcr\u00fcn\u00fc sat\u0131n ald\u0131\u011f\u0131 veya ikametg\u00e2h\u0131n\u0131n bulundu\u011fu yerdeki T\u00fcketici Sorunlar\u0131 Hakem Heyetleri\u2019ne, s\u00f6z konusu de\u011ferin \u00fczerindeki ihtilaflarda ise T\u00fcketici Mahkemeleri\u2019ne yap\u0131labilir.<\/p>\n<ol start=\"14\">\n<li><b>Y\u00dcR\u00dcRL\u00dcK<\/b><\/li>\n<\/ol>\n<p>\u0130\u015fbu S\u00f6zle\u015fme, [\u2026] tarihinde, Al\u0131c\u0131 taraf\u0131ndan elektronik ortamda onaylanmak suretiyle akdedilmi\u015f ve y\u00fcr\u00fcrl\u00fc\u011fe girmi\u015ftir.\u00a0Site \u00fczerinden yap\u0131lan i\u015flemler T\u00fcrk Bor\u00e7lar Kanunu, t\u00fcketici mevzuat\u0131 ve y\u00fcr\u00fcrl\u00fckteki sair mevzuat uyar\u0131nca taraflar\u0131 ba\u011flay\u0131c\u0131 irade a\u00e7\u0131klamalar\u0131 olarak telakki edilir.<\/p>\n<p>\u0130\u015fbu S\u00f6zle\u015fme metni, onaylanmas\u0131n\u0131n hemen akabinde Sat\u0131c\u0131\u2019n\u0131n iletmi\u015f oldu\u011fu e-mail adresine e-posta yoluyla g\u00f6nderilecek ve Sat\u0131c\u0131 taraf\u0131ndan 3 (\u00fc\u00e7) y\u0131l s\u00fcre ile saklanacakt\u0131r. Al\u0131c\u0131 diledi\u011finde\u00a0<a href=\"mailto:report@the8thstate.com\">report@the8thstate.com<\/a> \u00a0e-mail adresine g\u00f6nderece\u011fi bir talep ile ba\u015fvuruda bulunarak, i\u015fbu S\u00f6zle\u015fme\u2019nin n\u00fcshas\u0131na eri\u015fimini Sat\u0131c\u0131\u2019dan talep edebilir.<\/p>\n<table cellspacing=\"0\" cellpadding=\"0\">\n<tbody>\n<tr>\n<td valign=\"middle\"><b>SATICI<\/b><\/p>\n<p>O\u011eULCAN HACIZADE<\/td>\n<td valign=\"middle\"><b>ALICI<\/b><\/p>\n<p><b>[\u2026]<\/b><\/td>\n<\/tr>\n<\/tbody>\n<\/table>\n<p><!-- Created with Elementor --><\/p>\n","protected":false},"excerpt":{"rendered":"<p>MESAFEL\u0130 SATI\u015e S\u00d6ZLE\u015eMES\u0130 TARAFLAR \u0130\u015fbu Mesafeli Sat\u0131\u015f S\u00f6zle\u015fmesi (\u201cS\u00f6zle\u015fme\u201d) a\u015fa\u011f\u0131da bilgileri verilen Sat\u0131c\u0131 ve Al\u0131c\u0131 aras\u0131nda elektronik ortamda imzalanm\u0131\u015ft\u0131r. Taraflar, i\u015fbu S\u00f6zle\u015fme\u2019nin tamam\u0131n\u0131 okuduklar\u0131n\u0131, i\u00e7eri\u011fini b\u00fct\u00fcn\u00fc ile anlad\u0131klar\u0131n\u0131 ve t\u00fcm h\u00fck\u00fcmlerini onaylad\u0131klar\u0131n\u0131 kabul, beyan ve taahh\u00fct eder. SATICI: Sat\u0131c\u0131\u2019n\u0131n Unvan\u0131:\u00a0O\u011fulcan [&hellip;]<\/p>\n","protected":false},"author":1,"featured_media":0,"parent":0,"menu_order":0,"comment_status":"closed","ping_status":"closed","template":"","meta":[],"_links":{"self":[{"href":"https:\/\/www.the8thstate.com\/en\/wp-json\/wp\/v2\/pages\/4137"}],"collection":[{"href":"https:\/\/www.the8thstate.com\/en\/wp-json\/wp\/v2\/pages"}],"about":[{"href":"https:\/\/www.the8thstate.com\/en\/wp-json\/wp\/v2\/types\/page"}],"author":[{"embeddable":true,"href":"https:\/\/www.the8thstate.com\/en\/wp-json\/wp\/v2\/users\/1"}],"replies":[{"embeddable":true,"href":"https:\/\/www.the8thstate.com\/en\/wp-json\/wp\/v2\/comments?post=4137"}],"version-history":[{"count":1,"href":"https:\/\/www.the8thstate.com\/en\/wp-json\/wp\/v2\/pages\/4137\/revisions"}],"predecessor-version":[{"id":4933,"href":"https:\/\/www.the8thstate.com\/en\/wp-json\/wp\/v2\/pages\/4137\/revisions\/4933"}],"wp:attachment":[{"href":"https:\/\/www.the8thstate.com\/en\/wp-json\/wp\/v2\/media?parent=4137"}],"curies":[{"name":"wp","href":"https:\/\/api.w.org\/{rel}","templated":true}]}}