{"id":4236,"date":"2020-11-17T18:53:48","date_gmt":"2020-11-17T18:53:48","guid":{"rendered":"http:\/\/the8thstate.com\/?post_type=product&#038;p=4236"},"modified":"2023-05-06T11:22:56","modified_gmt":"2023-05-06T11:22:56","slug":"mmxx-limited","status":"publish","type":"product","link":"https:\/\/www.the8thstate.com\/en\/shop\/mmxx-limited\/","title":{"rendered":"MMXX Limited"},"content":{"rendered":"<p class=\"p1\">Small the8hstate Flag at Front , eight Embroidery and E. MMXX LIMITED Graphic Print at Back<\/p>\n<p class=\"p1\">the8thstate 2020 Label at Bottom Left<\/p>\n<p class=\"p1\">Ribbed, Crew Neck Finish<\/p>\n<p class=\"p1\">Body: %100 Organic Cotton<\/p>\n<p class=\"p1\">Color: Black<\/p>\n<p class=\"p1\">Fit: Oversize<\/p>\n<p class=\"p1\">Male Model wearing size L, Female Model wearing size S.<\/p>\n","protected":false},"excerpt":{"rendered":"<p>Biliyoruz. \u0130nsanl\u0131k i\u00e7in kara bir sene oldu. Ancak bizim i\u00e7in ise yeni bir ba\u015flang\u0131\u00e7. Siyah, matem i\u00e7in de\u011fil ikimizin de ortak noktas\u0131 oldu\u011fu i\u00e7in.<\/p>\n<p><strong>\u201cI\u2019ve been 40 years discovering that the queen of all colours was black.\u201d\u00a0\u2014\u00a0Pierre-Auguste Renoir<\/strong><\/p>\n","protected":false},"featured_media":4632,"template":"","meta":[],"product_cat":[60],"product_tag":[],"_links":{"self":[{"href":"https:\/\/www.the8thstate.com\/en\/wp-json\/wp\/v2\/product\/4236"}],"collection":[{"href":"https:\/\/www.the8thstate.com\/en\/wp-json\/wp\/v2\/product"}],"about":[{"href":"https:\/\/www.the8thstate.com\/en\/wp-json\/wp\/v2\/types\/product"}],"wp:featuredmedia":[{"embeddable":true,"href":"https:\/\/www.the8thstate.com\/en\/wp-json\/wp\/v2\/media\/4632"}],"wp:attachment":[{"href":"https:\/\/www.the8thstate.com\/en\/wp-json\/wp\/v2\/media?parent=4236"}],"wp:term":[{"taxonomy":"product_cat","embeddable":true,"href":"https:\/\/www.the8thstate.com\/en\/wp-json\/wp\/v2\/product_cat?post=4236"},{"taxonomy":"product_tag","embeddable":true,"href":"https:\/\/www.the8thstate.com\/en\/wp-json\/wp\/v2\/product_tag?post=4236"}],"curies":[{"name":"wp","href":"https:\/\/api.w.org\/{rel}","templated":true}]}}